{"id":17,"date":"2022-02-07T11:37:49","date_gmt":"2022-02-07T10:37:49","guid":{"rendered":"https:\/\/www.top-svadby.sk\/?page_id=17"},"modified":"2025-03-24T20:59:50","modified_gmt":"2025-03-24T19:59:50","slug":"uvod","status":"publish","type":"page","link":"https:\/\/www.top-svadby.sk\/","title":{"rendered":"\u00davod"},"content":{"rendered":"<p>[vc_row full_width=&#8220;stretch_row_content_no_spaces&#8220;][vc_column][rev_slider_vc alias=&#8220;uvod&#8220;][\/vc_column][\/vc_row][vc_row content_placement=&#8220;middle&#8220; css=&#8220;.vc_custom_1644235632343{padding-top: 25px !important;padding-bottom: 0px !important;}&#8220;][vc_column width=&#8220;1\/3&#8243;][vc_column_text]<\/p>\n<p style=\"text-align: center;\">Vitajte na port\u00e1li svadobn\u00fdch profesion\u00e1lov, kde si ur\u010dite vyberiete top slu\u017eby na va\u0161u vysn\u00edvan\u00fa svadbu.<\/p>\n<p style=\"text-align: center;\">V ponuke m\u00e1me skvel\u00fdch kameramanov, fotografov, hudobn\u00fa produkciu, foto b\u00fadku, a svadobn\u00e9 s\u00e1ly.<\/p>\n<p>[\/vc_column_text][\/vc_column][vc_column width=&#8220;1\/3&#8243;]<div class=\"mgt-images-slider mgt-images-slider-padding mgt-images-slider-18367880 wpb_content_element\">\r\n\t\t<div class=\"mgt-images-slider-items\"><div class=\"mgt-images-slider-item\"><img decoding=\"async\" src=\"https:\/\/www.top-svadby.sk\/wp-content\/uploads\/2025\/03\/154579135665a830897b6dd5.06336355_picture-of-the-month_prowedaward-jozef-brajer-1024x1024.jpeg\" alt=\"\"\/><\/div><div class=\"mgt-images-slider-item\"><img decoding=\"async\" src=\"https:\/\/www.top-svadby.sk\/wp-content\/uploads\/2022\/02\/IMG_5075-1024x1024.jpg\" alt=\"\"\/><\/div><div class=\"mgt-images-slider-item\"><img decoding=\"async\" src=\"https:\/\/www.top-svadby.sk\/wp-content\/uploads\/2022\/02\/IMG_5092-1024x1024.jpg\" alt=\"\"\/><\/div><div class=\"mgt-images-slider-item\"><img decoding=\"async\" src=\"https:\/\/www.top-svadby.sk\/wp-content\/uploads\/2025\/03\/17279847265c347eab97d66.03990667_picture-of-the-day_prowedaward-jozef-brajer-1024x1024.jpeg\" alt=\"\"\/><\/div><div class=\"mgt-images-slider-item\"><img decoding=\"async\" src=\"https:\/\/www.top-svadby.sk\/wp-content\/uploads\/2022\/02\/IMG_5096-1024x1024.jpg\" alt=\"\"\/><\/div><div class=\"mgt-images-slider-item\"><img decoding=\"async\" src=\"https:\/\/www.top-svadby.sk\/wp-content\/uploads\/2022\/02\/IMG_5102-1024x1024.jpg\" alt=\"\"\/><\/div><div class=\"mgt-images-slider-item\"><img decoding=\"async\" src=\"https:\/\/www.top-svadby.sk\/wp-content\/uploads\/2025\/03\/82866123866e6d68165b5f6.63657726_picture-of-the-day_prowedaward-jozef-brajer-1024x1024.jpeg\" alt=\"\"\/><\/div><div class=\"mgt-images-slider-item\"><img decoding=\"async\" src=\"https:\/\/www.top-svadby.sk\/wp-content\/uploads\/2022\/02\/IMG_5103-1024x1024.jpg\" alt=\"\"\/><\/div><div class=\"mgt-images-slider-item\"><img decoding=\"async\" src=\"https:\/\/www.top-svadby.sk\/wp-content\/uploads\/2022\/02\/IMG_5106-1024x1024.jpg\" alt=\"\"\/><\/div><div class=\"mgt-images-slider-item\"><img decoding=\"async\" src=\"https:\/\/www.top-svadby.sk\/wp-content\/uploads\/2022\/02\/IMG_5115-1024x1024.jpg\" alt=\"\"\/><\/div><div class=\"mgt-images-slider-item\"><img decoding=\"async\" src=\"https:\/\/www.top-svadby.sk\/wp-content\/uploads\/2022\/02\/IMG_5127-1024x1024.jpg\" alt=\"\"\/><\/div><div class=\"mgt-images-slider-item\"><img decoding=\"async\" src=\"https:\/\/www.top-svadby.sk\/wp-content\/uploads\/2025\/03\/Majka-Peto-_-053_15x225-1024x1024.jpg\" alt=\"\"\/><\/div><div class=\"mgt-images-slider-item\"><img decoding=\"async\" src=\"https:\/\/www.top-svadby.sk\/wp-content\/uploads\/2022\/02\/IMG_5130-1024x1024.jpg\" alt=\"\"\/><\/div><div class=\"mgt-images-slider-item\"><img decoding=\"async\" src=\"https:\/\/www.top-svadby.sk\/wp-content\/uploads\/2022\/02\/IMG_5136-1024x1024.jpg\" alt=\"\"\/><\/div><div class=\"mgt-images-slider-item\"><img decoding=\"async\" src=\"https:\/\/www.top-svadby.sk\/wp-content\/uploads\/2022\/02\/IMG_5137-1024x1024.jpg\" alt=\"\"\/><\/div><div class=\"mgt-images-slider-item\"><img decoding=\"async\" src=\"https:\/\/www.top-svadby.sk\/wp-content\/uploads\/2025\/03\/1157310330659ec3acbf78b3.27136724_picture-of-the-day_prowedaward-jozef-brajer-1024x1024.jpeg\" alt=\"\"\/><\/div><div class=\"mgt-images-slider-item\"><img decoding=\"async\" src=\"https:\/\/www.top-svadby.sk\/wp-content\/uploads\/2022\/02\/IMG_5149-1024x1024.jpg\" alt=\"\"\/><\/div><div class=\"mgt-images-slider-item\"><img decoding=\"async\" src=\"https:\/\/www.top-svadby.sk\/wp-content\/uploads\/2025\/03\/Klaudia-a-Lukas-_-FB-_-opravene_001-copy-1024x1024.jpg\" alt=\"\"\/><\/div><div class=\"mgt-images-slider-item\"><img decoding=\"async\" src=\"https:\/\/www.top-svadby.sk\/wp-content\/uploads\/2022\/02\/IMG_5155-800x800.jpg\" alt=\"\"\/><\/div><div class=\"mgt-images-slider-item\"><img decoding=\"async\" src=\"https:\/\/www.top-svadby.sk\/wp-content\/uploads\/2022\/02\/IMG_5158-1024x1024.jpg\" alt=\"\"\/><\/div><div class=\"mgt-images-slider-item\"><img decoding=\"async\" src=\"https:\/\/www.top-svadby.sk\/wp-content\/uploads\/2022\/02\/IMG_4986-1024x1024.jpg\" alt=\"\"\/><\/div><div class=\"mgt-images-slider-item\"><img decoding=\"async\" src=\"https:\/\/www.top-svadby.sk\/wp-content\/uploads\/2022\/02\/IMG_5009.jpg\" alt=\"\"\/><\/div><div class=\"mgt-images-slider-item\"><img decoding=\"async\" src=\"https:\/\/www.top-svadby.sk\/wp-content\/uploads\/2022\/02\/IMG_5010.jpg\" alt=\"\"\/><\/div><div class=\"mgt-images-slider-item\"><img decoding=\"async\" src=\"https:\/\/www.top-svadby.sk\/wp-content\/uploads\/2022\/02\/IMG_5011.jpg\" alt=\"\"\/><\/div><div class=\"mgt-images-slider-item\"><img decoding=\"async\" src=\"https:\/\/www.top-svadby.sk\/wp-content\/uploads\/2022\/02\/IMG_5013.jpg\" alt=\"\"\/><\/div><div class=\"mgt-images-slider-item\"><img decoding=\"async\" src=\"https:\/\/www.top-svadby.sk\/wp-content\/uploads\/2022\/02\/IMG_5014.jpg\" alt=\"\"\/><\/div><div class=\"mgt-images-slider-item\"><img decoding=\"async\" src=\"https:\/\/www.top-svadby.sk\/wp-content\/uploads\/2025\/03\/53079699266ed92f42b8a40.78252529_picture-of-the-day_prowedaward-jozef-brajer-1024x1024.jpeg\" alt=\"\"\/><\/div><div class=\"mgt-images-slider-item\"><img decoding=\"async\" src=\"https:\/\/www.top-svadby.sk\/wp-content\/uploads\/2022\/02\/IMG_5016.jpg\" alt=\"\"\/><\/div><div class=\"mgt-images-slider-item\"><img decoding=\"async\" src=\"https:\/\/www.top-svadby.sk\/wp-content\/uploads\/2022\/02\/IMG_5018.jpg\" alt=\"\"\/><\/div><div class=\"mgt-images-slider-item\"><img decoding=\"async\" src=\"https:\/\/www.top-svadby.sk\/wp-content\/uploads\/2022\/02\/IMG_5031.jpg\" alt=\"\"\/><\/div><div class=\"mgt-images-slider-item\"><img decoding=\"async\" src=\"https:\/\/www.top-svadby.sk\/wp-content\/uploads\/2022\/02\/IMG_5043.jpg\" alt=\"\"\/><\/div><div class=\"mgt-images-slider-item\"><img decoding=\"async\" src=\"https:\/\/www.top-svadby.sk\/wp-content\/uploads\/2022\/02\/IMG_5048-2.jpg\" alt=\"\"\/><\/div><div class=\"mgt-images-slider-item\"><img decoding=\"async\" src=\"https:\/\/www.top-svadby.sk\/wp-content\/uploads\/2022\/02\/IMG_5050.jpg\" alt=\"\"\/><\/div><div class=\"mgt-images-slider-item\"><img decoding=\"async\" src=\"https:\/\/www.top-svadby.sk\/wp-content\/uploads\/2022\/02\/IMG_5052.jpg\" alt=\"\"\/><\/div><div class=\"mgt-images-slider-item\"><img decoding=\"async\" src=\"https:\/\/www.top-svadby.sk\/wp-content\/uploads\/2022\/02\/IMG_5063-1024x1024.jpg\" alt=\"\"\/><\/div><div class=\"mgt-images-slider-item\"><img decoding=\"async\" src=\"https:\/\/www.top-svadby.sk\/wp-content\/uploads\/2022\/02\/IMG_5074-1024x1024.jpg\" alt=\"\"\/><\/div><div class=\"mgt-images-slider-item\"><img decoding=\"async\" src=\"https:\/\/www.top-svadby.sk\/wp-content\/uploads\/2022\/02\/IMG_5079-1024x1024.jpg\" alt=\"\"\/><\/div><\/div>\r\n\t<\/div><script>(function($){\r\n            $(document).ready(function() {\r\n\t\t\t   $(\".mgt-images-slider.mgt-images-slider-18367880 .mgt-images-slider-items\").on(\"init\", function(slick){\r\n\t\t\t\t\t$(\".mgt-images-slider.mgt-images-slider-18367880 .mgt-images-slider-items\").show();\r\n\t\t\t\t});\r\n\r\n               $(\".mgt-images-slider.mgt-images-slider-18367880 .mgt-images-slider-items\").slick({\r\n               \t  pauseOnHover: false,\r\n\t\t\t\t  infinite: true,\r\n\t\t\t\t  autoplay: true,\r\n  \t\t\t\t  autoplaySpeed: 5000,\r\n\t\t\t\t  slidesToShow: 1,\r\n\t\t\t\t  slidesToScroll: 1,\r\n\t\t\t\t  arrows: true,\r\n\t\t\t\t  dots: false,\r\n\t\t\t\t  speed: 300,\r\n\t\t\t\t  centerMode: false,\r\n\t\t\t\t  centerPadding: \"0\",\r\n  \t\t\t\t  variableWidth: false,\r\n  \t\t\t\t  adaptiveHeight: true,\r\n  \t\t\t\t  fade: false,\r\n  \t\t\t\t  cssEase: \"ease\",\r\n  \t\t\t\t  vertical: false,\r\n  \t\t\t\t  responsive: [\r\n\t\t\t\t    {\r\n\t\t\t\t      breakpoint: 1024,\r\n\t\t\t\t      settings: {\r\n\t\t\t\t        slidesToShow: 1,\r\n\t\t\t\t        slidesToScroll: 1,\r\n\t\t\t\t        infinite: true,\r\n\t\t\t\t        dots: true\r\n\t\t\t\t      }\r\n\t\t\t\t    },\r\n\t\t\t\t    {\r\n\t\t\t\t      breakpoint: 600,\r\n\t\t\t\t      settings: {\r\n\t\t\t\t        slidesToShow: 1,\r\n\t\t\t\t        slidesToScroll: 1\r\n\t\t\t\t      }\r\n\t\t\t\t    },\r\n\t\t\t\t    {\r\n\t\t\t\t      breakpoint: 480,\r\n\t\t\t\t      settings: {\r\n\t\t\t\t        slidesToShow: 1,\r\n\t\t\t\t        slidesToScroll: 1\r\n\t\t\t\t      }\r\n\t\t\t\t    }\r\n\t\t\t\t  ]\r\n\t\t\t\t});\r\n\r\n\t\t\t\t\r\n                \r\n            });})(jQuery);<\/script>[\/vc_column][vc_column width=&#8220;1\/3&#8243;][vc_column_text]<\/p>\n<p style=\"text-align: center;\">Pon\u00fakame na va\u0161u svadbu z\u00e1\u017eitkov\u00e9 prekvapenie v podobe vyst\u00fapenia zn\u00e1mych umelcov ako napr\u00edklad Adam \u010eurica, Luk\u00e1\u0161 Adamec, Ondrej Kandr\u00e1\u010d, Peter Ondria , Peter Nagy, \u0160tefan Skr\u00facan\u00fd, Mi\u0161o Hud\u00e1k, Trio z kas\u00edna, k\u00fazeln\u00edk Talostan, StarMania, Replayband a \u010fal\u0161\u00edch.<\/p>\n<p style=\"text-align: center;\">Pre bli\u017e\u0161ie inform\u00e1cie a dostupnos\u0165<br \/>\nkontaktujte n\u00e1s na tel.: 0904 623 618<\/p>\n<p>[\/vc_column_text][\/vc_column][\/vc_row]<\/p>\n","protected":false},"excerpt":{"rendered":"<p>[vc_row full_width=&#8220;stretch_row_content_no_spaces&#8220;][vc_column][rev_slider_vc alias=&#8220;uvod&#8220;][\/vc_column][\/vc_row][vc_row content_placement=&#8220;middle&#8220; css=&#8220;.vc_custom_1644235632343{padding-top: 25px !important;padding-bottom: 0px !important;}&#8220;][vc_column width=&#8220;1\/3&#8243;][vc_column_text] Vitajte na port\u00e1li svadobn\u00fdch profesion\u00e1lov, kde si ur\u010dite vyberiete top slu\u017eby na va\u0161u vysn\u00edvan\u00fa svadbu. V ponuke m\u00e1me skvel\u00fdch kameramanov,&#8230;<\/p>\n","protected":false},"author":1,"featured_media":0,"parent":0,"menu_order":0,"comment_status":"closed","ping_status":"closed","template":"","meta":{"footnotes":""},"class_list":["post-17","page","type-page","status-publish","hentry"],"_links":{"self":[{"href":"https:\/\/www.top-svadby.sk\/index.php\/wp-json\/wp\/v2\/pages\/17","targetHints":{"allow":["GET"]}}],"collection":[{"href":"https:\/\/www.top-svadby.sk\/index.php\/wp-json\/wp\/v2\/pages"}],"about":[{"href":"https:\/\/www.top-svadby.sk\/index.php\/wp-json\/wp\/v2\/types\/page"}],"author":[{"embeddable":true,"href":"https:\/\/www.top-svadby.sk\/index.php\/wp-json\/wp\/v2\/users\/1"}],"replies":[{"embeddable":true,"href":"https:\/\/www.top-svadby.sk\/index.php\/wp-json\/wp\/v2\/comments?post=17"}],"version-history":[{"count":24,"href":"https:\/\/www.top-svadby.sk\/index.php\/wp-json\/wp\/v2\/pages\/17\/revisions"}],"predecessor-version":[{"id":245,"href":"https:\/\/www.top-svadby.sk\/index.php\/wp-json\/wp\/v2\/pages\/17\/revisions\/245"}],"wp:attachment":[{"href":"https:\/\/www.top-svadby.sk\/index.php\/wp-json\/wp\/v2\/media?parent=17"}],"curies":[{"name":"wp","href":"https:\/\/api.w.org\/{rel}","templated":true}]}}