{"id":15,"date":"2022-02-07T11:37:49","date_gmt":"2022-02-07T10:37:49","guid":{"rendered":"https:\/\/www.top-svadby.sk\/?page_id=15"},"modified":"2022-02-07T14:45:00","modified_gmt":"2022-02-07T13:45:00","slug":"svadobna-sala","status":"publish","type":"page","link":"https:\/\/www.top-svadby.sk\/index.php\/svadobna-sala\/","title":{"rendered":"Svadobn\u00e1 s\u00e1la"},"content":{"rendered":"<p>[vc_row][vc_column]\t\r\n\t<div class=\"mgt-portfolio-grid wpb_content_element  wpb_animate_when_almost_visible wpb_fadeIn fadeIn\"> \r\n\t\r\n\t<div class=\"portfolio-list portfolio-columns-3 portfolio-grid-layout-0  portfolio-with-spaces clearfix\" id=\"portfolio-list-71446085\">\r\n\r\n\t<div class=\"portfolio-item-block text-center portfolio-item-animation-9 mix svadobna-sala\" data-item=\"1\" data-name=\"Rock Farm Restaurant\">\r\n\t<div class=\"portfolio-item-block-inside\">\r\n\t  <a href=\"https:\/\/rockfarm.sk\/\" target=\"_blank\" rel=\"\">\r\n\t    <div class=\"portfolio-item-image\" data-style=\"background-image: url(https:\/\/www.top-svadby.sk\/wp-content\/uploads\/2023\/02\/rock-farm-1.jpg);\"><\/div>\r\n\t    <div class=\"portfolio-item-bg\"><\/div>\r\n\t    \r\n\t    <div class=\"info\">\r\n\t      \t      \t    <\/div>\r\n\t    \r\n\t  <\/a>\r\n\t<\/div>\r\n\t\t<div class=\"portfolio-info-below\">\r\n\t\t<span class=\"sub-title\">Svadobn\u00e1 s\u00e1la<\/span>\r\n\t\t<a href=\"https:\/\/rockfarm.sk\/\" target=\"_blank\" rel=\"\"><h4 class=\"title\">Rock Farm Restaurant<\/h4><\/a>\r\n\t\t\t<\/div>\r\n\t\t<\/div><div class=\"portfolio-item-block text-center portfolio-item-animation-9 mix svadobna-sala\" data-item=\"2\" data-name=\"Clubhouse Restaurant\">\r\n\t<div class=\"portfolio-item-block-inside\">\r\n\t  <a href=\"https:\/\/clubhouserestaurant.sk\/\" target=\"_blank\" rel=\"\">\r\n\t    <div class=\"portfolio-item-image\" data-style=\"background-image: url(https:\/\/www.top-svadby.sk\/wp-content\/uploads\/2023\/02\/Logo-ClubHouse-Restaurant-copy-1024x1024.jpg);\"><\/div>\r\n\t    <div class=\"portfolio-item-bg\"><\/div>\r\n\t    \r\n\t    <div class=\"info\">\r\n\t      \t      \t    <\/div>\r\n\t    \r\n\t  <\/a>\r\n\t<\/div>\r\n\t\t<div class=\"portfolio-info-below\">\r\n\t\t<span class=\"sub-title\">Svadobn\u00e1 s\u00e1la<\/span>\r\n\t\t<a href=\"https:\/\/clubhouserestaurant.sk\/\" target=\"_blank\" rel=\"\"><h4 class=\"title\">Clubhouse Restaurant<\/h4><\/a>\r\n\t\t\t<\/div>\r\n\t\t<\/div><div class=\"portfolio-item-block text-center portfolio-item-animation-9 mix svadobna-sala\" data-item=\"3\" data-name=\"Prezo Restaurant\">\r\n\t<div class=\"portfolio-item-block-inside\">\r\n\t  <a href=\"https:\/\/www.prezorestaurant.sk\/about-us\" target=\"_blank\" rel=\"\">\r\n\t    <div class=\"portfolio-item-image\" data-style=\"background-image: url(https:\/\/www.top-svadby.sk\/wp-content\/uploads\/2022\/02\/prezo.jpg);\"><\/div>\r\n\t    <div class=\"portfolio-item-bg\"><\/div>\r\n\t    \r\n\t    <div class=\"info\">\r\n\t      \t      \t    <\/div>\r\n\t    \r\n\t  <\/a>\r\n\t<\/div>\r\n\t\t<div class=\"portfolio-info-below\">\r\n\t\t<span class=\"sub-title\">Svadobn\u00e1 s\u00e1la<\/span>\r\n\t\t<a href=\"https:\/\/www.prezorestaurant.sk\/about-us\" target=\"_blank\" rel=\"\"><h4 class=\"title\">Prezo Restaurant<\/h4><\/a>\r\n\t\t\t<\/div>\r\n\t\t<\/div><div class=\"portfolio-item-block text-center portfolio-item-animation-9 mix svadobna-sala\" data-item=\"1\" data-name=\"Kr\u00e1\u013eov prame\u0148\">\r\n\t<div class=\"portfolio-item-block-inside\">\r\n\t  <a href=\"https:\/\/www.facebook.com\/kralovpramen\" target=\"_blank\" rel=\"\">\r\n\t    <div class=\"portfolio-item-image\" data-style=\"background-image: url(https:\/\/www.top-svadby.sk\/wp-content\/uploads\/2022\/02\/pramen.jpg);\"><\/div>\r\n\t    <div class=\"portfolio-item-bg\"><\/div>\r\n\t    \r\n\t    <div class=\"info\">\r\n\t      \t      \t    <\/div>\r\n\t    \r\n\t  <\/a>\r\n\t<\/div>\r\n\t\t<div class=\"portfolio-info-below\">\r\n\t\t<span class=\"sub-title\">Svadobn\u00e1 s\u00e1la<\/span>\r\n\t\t<a href=\"https:\/\/www.facebook.com\/kralovpramen\" target=\"_blank\" rel=\"\"><h4 class=\"title\">Kr\u00e1\u013eov prame\u0148<\/h4><\/a>\r\n\t\t\t<\/div>\r\n\t\t<\/div><div class=\"portfolio-item-block text-center portfolio-item-animation-9 mix svadobna-sala\" data-item=\"2\" data-name=\"Majer pod lesom\">\r\n\t<div class=\"portfolio-item-block-inside\">\r\n\t  <a href=\"https:\/\/www.majerpodlesom.sk\/\" target=\"_blank\" rel=\"\">\r\n\t    <div class=\"portfolio-item-image\" data-style=\"background-image: url(https:\/\/www.top-svadby.sk\/wp-content\/uploads\/2022\/02\/majer.jpg);\"><\/div>\r\n\t    <div class=\"portfolio-item-bg\"><\/div>\r\n\t    \r\n\t    <div class=\"info\">\r\n\t      \t      \t    <\/div>\r\n\t    \r\n\t  <\/a>\r\n\t<\/div>\r\n\t\t<div class=\"portfolio-info-below\">\r\n\t\t<span class=\"sub-title\">Svadobn\u00e1 s\u00e1la<\/span>\r\n\t\t<a href=\"https:\/\/www.majerpodlesom.sk\/\" target=\"_blank\" rel=\"\"><h4 class=\"title\">Majer pod lesom<\/h4><\/a>\r\n\t\t\t<\/div>\r\n\t\t<\/div><div class=\"portfolio-item-block text-center portfolio-item-animation-9 mix svadobna-sala\" data-item=\"3\" data-name=\"CIN CIN\">\r\n\t<div class=\"portfolio-item-block-inside\">\r\n\t  <a href=\"http:\/\/cincin.sk\/\" target=\"_blank\" rel=\"\">\r\n\t    <div class=\"portfolio-item-image\" data-style=\"background-image: url(https:\/\/www.top-svadby.sk\/wp-content\/uploads\/2022\/02\/cin-cin.jpg);\"><\/div>\r\n\t    <div class=\"portfolio-item-bg\"><\/div>\r\n\t    \r\n\t    <div class=\"info\">\r\n\t      \t      \t    <\/div>\r\n\t    \r\n\t  <\/a>\r\n\t<\/div>\r\n\t\t<div class=\"portfolio-info-below\">\r\n\t\t<span class=\"sub-title\">Svadobn\u00e1 s\u00e1la<\/span>\r\n\t\t<a href=\"http:\/\/cincin.sk\/\" target=\"_blank\" rel=\"\"><h4 class=\"title\">CIN CIN<\/h4><\/a>\r\n\t\t\t<\/div>\r\n\t\t<\/div><div class=\"portfolio-item-block text-center portfolio-item-animation-9 mix svadobna-sala\" data-item=\"1\" data-name=\"Villa Cubach\">\r\n\t<div class=\"portfolio-item-block-inside\">\r\n\t  <a href=\"https:\/\/www.villacubach.sk\/\" target=\"_blank\" rel=\"\">\r\n\t    <div class=\"portfolio-item-image\" data-style=\"background-image: url(https:\/\/www.top-svadby.sk\/wp-content\/uploads\/2022\/02\/cubach.jpg);\"><\/div>\r\n\t    <div class=\"portfolio-item-bg\"><\/div>\r\n\t    \r\n\t    <div class=\"info\">\r\n\t      \t      \t    <\/div>\r\n\t    \r\n\t  <\/a>\r\n\t<\/div>\r\n\t\t<div class=\"portfolio-info-below\">\r\n\t\t<span class=\"sub-title\">Svadobn\u00e1 s\u00e1la<\/span>\r\n\t\t<a href=\"https:\/\/www.villacubach.sk\/\" target=\"_blank\" rel=\"\"><h4 class=\"title\">Villa Cubach<\/h4><\/a>\r\n\t\t\t<\/div>\r\n\t\t<\/div>\t         \r\n\t\r\n\t<\/div>\r\n\r\n\t<\/div> <script>(function($){\r\n\t    $(document).ready(function() {\r\n\r\n\t\t    $(\"#portfolio-list-71446085\").mixItUp({effects:[\"fade\",\"scale\"],easing:\"snap\"});\r\n\r\n\t    });})(jQuery);<\/script>[\/vc_column][\/vc_row]<\/p>\n","protected":false},"excerpt":{"rendered":"<p>[vc_row][vc_column][\/vc_column][\/vc_row]<\/p>\n","protected":false},"author":1,"featured_media":0,"parent":0,"menu_order":0,"comment_status":"closed","ping_status":"closed","template":"","meta":{"footnotes":""},"class_list":["post-15","page","type-page","status-publish","hentry"],"_links":{"self":[{"href":"https:\/\/www.top-svadby.sk\/index.php\/wp-json\/wp\/v2\/pages\/15","targetHints":{"allow":["GET"]}}],"collection":[{"href":"https:\/\/www.top-svadby.sk\/index.php\/wp-json\/wp\/v2\/pages"}],"about":[{"href":"https:\/\/www.top-svadby.sk\/index.php\/wp-json\/wp\/v2\/types\/page"}],"author":[{"embeddable":true,"href":"https:\/\/www.top-svadby.sk\/index.php\/wp-json\/wp\/v2\/users\/1"}],"replies":[{"embeddable":true,"href":"https:\/\/www.top-svadby.sk\/index.php\/wp-json\/wp\/v2\/comments?post=15"}],"version-history":[{"count":3,"href":"https:\/\/www.top-svadby.sk\/index.php\/wp-json\/wp\/v2\/pages\/15\/revisions"}],"predecessor-version":[{"id":124,"href":"https:\/\/www.top-svadby.sk\/index.php\/wp-json\/wp\/v2\/pages\/15\/revisions\/124"}],"wp:attachment":[{"href":"https:\/\/www.top-svadby.sk\/index.php\/wp-json\/wp\/v2\/media?parent=15"}],"curies":[{"name":"wp","href":"https:\/\/api.w.org\/{rel}","templated":true}]}}