{"id":14,"date":"2022-02-07T11:37:49","date_gmt":"2022-02-07T10:37:49","guid":{"rendered":"https:\/\/www.top-svadby.sk\/?page_id=14"},"modified":"2022-02-07T14:44:43","modified_gmt":"2022-02-07T13:44:43","slug":"hudobna-produkcia","status":"publish","type":"page","link":"https:\/\/www.top-svadby.sk\/index.php\/hudobna-produkcia\/","title":{"rendered":"Hudobn\u00e1 produkcia"},"content":{"rendered":"<p>[vc_row][vc_column]\t\r\n\t<div class=\"mgt-portfolio-grid wpb_content_element  wpb_animate_when_almost_visible wpb_fadeIn fadeIn\"> \r\n\t\r\n\t<div class=\"portfolio-list portfolio-columns-3 portfolio-grid-layout-0  portfolio-with-spaces clearfix\" id=\"portfolio-list-26843969\">\r\n\r\n\t<div class=\"portfolio-item-block text-center portfolio-item-animation-9 mix hudobna-produkcia\" data-item=\"1\" data-name=\"Horn\u00e1dska Muzika\">\r\n\t<div class=\"portfolio-item-block-inside\">\r\n\t  <a href=\"https:\/\/www.facebook.com\/hornadskamuzika\" target=\"_blank\" rel=\"\">\r\n\t    <div class=\"portfolio-item-image\" data-style=\"background-image: url(https:\/\/www.top-svadby.sk\/wp-content\/uploads\/2025\/10\/003-1024x1024.jpg);\"><\/div>\r\n\t    <div class=\"portfolio-item-bg\"><\/div>\r\n\t    \r\n\t    <div class=\"info\">\r\n\t      \t      \t    <\/div>\r\n\t    \r\n\t  <\/a>\r\n\t<\/div>\r\n\t\t<div class=\"portfolio-info-below\">\r\n\t\t<span class=\"sub-title\">Hudobn\u00e1 produkcia<\/span>\r\n\t\t<a href=\"https:\/\/www.facebook.com\/hornadskamuzika\" target=\"_blank\" rel=\"\"><h4 class=\"title\">Horn\u00e1dska Muzika<\/h4><\/a>\r\n\t\t\t<\/div>\r\n\t\t<\/div><div class=\"portfolio-item-block text-center portfolio-item-animation-9 mix hudobna-produkcia\" data-item=\"2\" data-name=\"Harmonik\u00e1r Luk\u00e1\u0161\">\r\n\t<div class=\"portfolio-item-block-inside\">\r\n\t  <a href=\"https:\/\/www.facebook.com\/profile.php?id=100086492859251\" target=\"_blank\" rel=\"\">\r\n\t    <div class=\"portfolio-item-image\" data-style=\"background-image: url(https:\/\/www.top-svadby.sk\/wp-content\/uploads\/2023\/02\/DSC4709-1024x1024.jpg);\"><\/div>\r\n\t    <div class=\"portfolio-item-bg\"><\/div>\r\n\t    \r\n\t    <div class=\"info\">\r\n\t      \t      \t    <\/div>\r\n\t    \r\n\t  <\/a>\r\n\t<\/div>\r\n\t\t<div class=\"portfolio-info-below\">\r\n\t\t<span class=\"sub-title\">Hudobn\u00e1 produkcia<\/span>\r\n\t\t<a href=\"https:\/\/www.facebook.com\/profile.php?id=100086492859251\" target=\"_blank\" rel=\"\"><h4 class=\"title\">Harmonik\u00e1r Luk\u00e1\u0161<\/h4><\/a>\r\n\t\t\t<\/div>\r\n\t\t<\/div><div class=\"portfolio-item-block text-center portfolio-item-animation-9 mix hudobna-produkcia\" data-item=\"3\" data-name=\"DJ &#8211; Twister\">\r\n\t<div class=\"portfolio-item-block-inside\">\r\n\t  <a href=\"https:\/\/www.svadobnydjtwister.sk\/\" target=\"_blank\" rel=\"\">\r\n\t    <div class=\"portfolio-item-image\" data-style=\"background-image: url(https:\/\/www.top-svadby.sk\/wp-content\/uploads\/2022\/02\/top_svadby_4-1024x1024.jpg);\"><\/div>\r\n\t    <div class=\"portfolio-item-bg\"><\/div>\r\n\t    \r\n\t    <div class=\"info\">\r\n\t      \t      \t    <\/div>\r\n\t    \r\n\t  <\/a>\r\n\t<\/div>\r\n\t\t<div class=\"portfolio-info-below\">\r\n\t\t<span class=\"sub-title\">Hudobn\u00e1 produkcia<\/span>\r\n\t\t<a href=\"https:\/\/www.svadobnydjtwister.sk\/\" target=\"_blank\" rel=\"\"><h4 class=\"title\">DJ &#8211; Twister<\/h4><\/a>\r\n\t\t\t<\/div>\r\n\t\t<\/div><div class=\"portfolio-item-block text-center portfolio-item-animation-9 mix hudobna-produkcia\" data-item=\"1\" data-name=\"DJ &#8211; Dexter\">\r\n\t<div class=\"portfolio-item-block-inside\">\r\n\t  <a href=\"http:\/\/djdexter.sk\/\" target=\"_blank\" rel=\"\">\r\n\t    <div class=\"portfolio-item-image\" data-style=\"background-image: url(https:\/\/www.top-svadby.sk\/wp-content\/uploads\/2022\/02\/top_svadby_1-1024x1024.jpg);\"><\/div>\r\n\t    <div class=\"portfolio-item-bg\"><\/div>\r\n\t    \r\n\t    <div class=\"info\">\r\n\t      \t      \t    <\/div>\r\n\t    \r\n\t  <\/a>\r\n\t<\/div>\r\n\t\t<div class=\"portfolio-info-below\">\r\n\t\t<span class=\"sub-title\">Hudobn\u00e1 produkcia<\/span>\r\n\t\t<a href=\"http:\/\/djdexter.sk\/\" target=\"_blank\" rel=\"\"><h4 class=\"title\">DJ &#8211; Dexter<\/h4><\/a>\r\n\t\t\t<\/div>\r\n\t\t<\/div><div class=\"portfolio-item-block text-center portfolio-item-animation-9 mix hudobna-produkcia\" data-item=\"2\" data-name=\"Hudobn\u00e1 skupina Spirit\">\r\n\t<div class=\"portfolio-item-block-inside\">\r\n\t  <a href=\"https:\/\/www.skupinaspirit.sk\/\" target=\"_blank\" rel=\"\">\r\n\t    <div class=\"portfolio-item-image\" data-style=\"background-image: url(https:\/\/www.top-svadby.sk\/wp-content\/uploads\/2022\/02\/Spirit_1.jpg);\"><\/div>\r\n\t    <div class=\"portfolio-item-bg\"><\/div>\r\n\t    \r\n\t    <div class=\"info\">\r\n\t      \t      \t    <\/div>\r\n\t    \r\n\t  <\/a>\r\n\t<\/div>\r\n\t\t<div class=\"portfolio-info-below\">\r\n\t\t<span class=\"sub-title\">Hudobn\u00e1 produkcia<\/span>\r\n\t\t<a href=\"https:\/\/www.skupinaspirit.sk\/\" target=\"_blank\" rel=\"\"><h4 class=\"title\">Hudobn\u00e1 skupina Spirit<\/h4><\/a>\r\n\t\t\t<\/div>\r\n\t\t<\/div>\t         \r\n\t\r\n\t<\/div>\r\n\r\n\t<\/div> <script>(function($){\r\n\t    $(document).ready(function() {\r\n\r\n\t\t    $(\"#portfolio-list-26843969\").mixItUp({effects:[\"fade\",\"scale\"],easing:\"snap\"});\r\n\r\n\t    });})(jQuery);<\/script>[\/vc_column][\/vc_row]<\/p>\n","protected":false},"excerpt":{"rendered":"<p>[vc_row][vc_column][\/vc_column][\/vc_row]<\/p>\n","protected":false},"author":1,"featured_media":0,"parent":0,"menu_order":0,"comment_status":"closed","ping_status":"closed","template":"","meta":{"footnotes":""},"class_list":["post-14","page","type-page","status-publish","hentry"],"_links":{"self":[{"href":"https:\/\/www.top-svadby.sk\/index.php\/wp-json\/wp\/v2\/pages\/14","targetHints":{"allow":["GET"]}}],"collection":[{"href":"https:\/\/www.top-svadby.sk\/index.php\/wp-json\/wp\/v2\/pages"}],"about":[{"href":"https:\/\/www.top-svadby.sk\/index.php\/wp-json\/wp\/v2\/types\/page"}],"author":[{"embeddable":true,"href":"https:\/\/www.top-svadby.sk\/index.php\/wp-json\/wp\/v2\/users\/1"}],"replies":[{"embeddable":true,"href":"https:\/\/www.top-svadby.sk\/index.php\/wp-json\/wp\/v2\/comments?post=14"}],"version-history":[{"count":3,"href":"https:\/\/www.top-svadby.sk\/index.php\/wp-json\/wp\/v2\/pages\/14\/revisions"}],"predecessor-version":[{"id":123,"href":"https:\/\/www.top-svadby.sk\/index.php\/wp-json\/wp\/v2\/pages\/14\/revisions\/123"}],"wp:attachment":[{"href":"https:\/\/www.top-svadby.sk\/index.php\/wp-json\/wp\/v2\/media?parent=14"}],"curies":[{"name":"wp","href":"https:\/\/api.w.org\/{rel}","templated":true}]}}